{"id":983,"date":"2021-06-30T07:54:02","date_gmt":"2021-06-30T07:54:02","guid":{"rendered":"https:\/\/blogchicchezvous.com\/?page_id=983"},"modified":"2021-07-12T19:15:58","modified_gmt":"2021-07-12T19:15:58","slug":"articles","status":"publish","type":"page","link":"https:\/\/blogchicchezvous.com\/en\/articles\/","title":{"rendered":"Blog"},"content":{"rendered":"<p>[et_pb_section fb_built=\u00a0\u00bb1&Prime; admin_label=\u00a0\u00bbPage Title Section\u00a0\u00bb _builder_version=\u00a0\u00bb3.22&Prime; background_color_gradient_direction=\u00a0\u00bb115deg\u00a0\u00bb background_image=\u00a0\u00bbhttps:\/\/blogchicchezvous.com\/wp-content\/uploads\/2021\/06\/author_20.jpg\u00a0\u00bb custom_padding=\u00a0\u00bb150px||0px|\u00a0\u00bb][et_pb_row _builder_version=\u00a0\u00bb3.25&Prime; background_color=\u00a0\u00bb#383e59&Prime; background_size=\u00a0\u00bbinitial\u00a0\u00bb background_position=\u00a0\u00bbtop_left\u00a0\u00bb background_repeat=\u00a0\u00bbrepeat\u00a0\u00bb max_width=\u00a0\u00bb960px\u00a0\u00bb custom_margin=\u00a0\u00bb|||0px\u00a0\u00bb custom_padding=\u00a0\u00bb27px|40px||10%\u00a0\u00bb animation_style=\u00a0\u00bbslide\u00a0\u00bb animation_direction=\u00a0\u00bbleft\u00a0\u00bb animation_intensity_slide=\u00a0\u00bb2%\u00a0\u00bb border_radii=\u00a0\u00bb||6px|6px|\u00a0\u00bb border_width_right=\u00a0\u00bb30px\u00a0\u00bb border_color_right=\u00a0\u00bb#bdada0&Prime; use_custom_width=\u00a0\u00bbon\u00a0\u00bb custom_width_px=\u00a0\u00bb960px\u00a0\u00bb locked=\u00a0\u00bboff\u00a0\u00bb][et_pb_column type=\u00a0\u00bb4_4&Prime; _builder_version=\u00a0\u00bb3.25&Prime; custom_padding=\u00a0\u00bb|||\u00a0\u00bb custom_padding_tablet=\u00a0\u00bb|||10%\u00a0\u00bb custom_padding_last_edited=\u00a0\u00bboff|desktop\u00a0\u00bb padding_tablet=\u00a0\u00bb|||10%\u00a0\u00bb padding_last_edited=\u00a0\u00bboff|desktop\u00a0\u00bb custom_padding__hover=\u00a0\u00bb|||\u00a0\u00bb][et_pb_text admin_label=\u00a0\u00bbTitle\u00a0\u00bb _builder_version=\u00a0\u00bb4.9.7&Prime; text_font=\u00a0\u00bb||||||||\u00a0\u00bb header_font=\u00a0\u00bbAbhaya Libre|700|||||||\u00a0\u00bb header_font_size=\u00a0\u00bb70px\u00a0\u00bb header_line_height=\u00a0\u00bb1.2em\u00a0\u00bb header_4_font=\u00a0\u00bb||||||||\u00a0\u00bb background_layout=\u00a0\u00bbdark\u00a0\u00bb custom_margin=\u00a0\u00bb|||\u00a0\u00bb custom_padding=\u00a0\u00bb|||\u00a0\u00bb header_font_size_tablet=\u00a0\u00bb40px\u00a0\u00bb header_font_size_phone=\u00a0\u00bb\u00a0\u00bb header_font_size_last_edited=\u00a0\u00bbon|tablet\u00a0\u00bb]<\/p>\n<h1>Le blogue\u00a0<\/h1>\n<p>[\/et_pb_text][\/et_pb_column][\/et_pb_row][\/et_pb_section][et_pb_section fb_built=\u00a0\u00bb1&Prime; admin_label=\u00a0\u00bbBlog Section\u00a0\u00bb _builder_version=\u00a0\u00bb3.22&Prime; background_color=\u00a0\u00bb#f4f4f4&Prime; use_background_color_gradient=\u00a0\u00bbon\u00a0\u00bb background_color_gradient_start=\u00a0\u00bb#f4f4f4&Prime; background_color_gradient_end=\u00a0\u00bb#ffffff\u00a0\u00bb background_size=\u00a0\u00bbcontain\u00a0\u00bb background_position=\u00a0\u00bbtop_center\u00a0\u00bb custom_padding=\u00a0\u00bb100px||10%|\u00a0\u00bb top_divider_color=\u00a0\u00bbrgba(255,255,255,0.3)\u00a0\u00bb locked=\u00a0\u00bboff\u00a0\u00bb][et_pb_row _builder_version=\u00a0\u00bb4.9.7&Prime;][et_pb_column type=\u00a0\u00bb4_4&Prime; _builder_version=\u00a0\u00bb3.25&Prime; custom_padding=\u00a0\u00bb|||\u00a0\u00bb custom_padding__hover=\u00a0\u00bb|||\u00a0\u00bb][et_pb_blog fullwidth=\u00a0\u00bboff\u00a0\u00bb posts_number=\u00a0\u00bb9&Prime; include_categories=\u00a0\u00bb70&Prime; show_categories=\u00a0\u00bboff\u00a0\u00bb _builder_version=\u00a0\u00bb4.9.7&Prime; header_font=\u00a0\u00bbAbhaya Libre|700|||||||\u00a0\u00bb header_font_size=\u00a0\u00bb24px\u00a0\u00bb header_line_height=\u00a0\u00bb1.4em\u00a0\u00bb body_font=\u00a0\u00bbNunito||||||||\u00a0\u00bb body_font_size=\u00a0\u00bb16px\u00a0\u00bb body_line_height=\u00a0\u00bb1.8em\u00a0\u00bb meta_font=\u00a0\u00bbNunito||||||||\u00a0\u00bb meta_line_height=\u00a0\u00bb1.8em\u00a0\u00bb pagination_font=\u00a0\u00bbNunito|700||on|||||\u00a0\u00bb pagination_text_color=\u00a0\u00bb#c7755a\u00a0\u00bb pagination_letter_spacing=\u00a0\u00bb2px\u00a0\u00bb animation_style=\u00a0\u00bbfade\u00a0\u00bb hover_enabled=\u00a0\u00bb0&Prime; border_radii=\u00a0\u00bbon|6px|6px|6px|6px\u00a0\u00bb border_width_all=\u00a0\u00bb0px\u00a0\u00bb box_shadow_style=\u00a0\u00bbpreset3&Prime; box_shadow_vertical=\u00a0\u00bb35px\u00a0\u00bb box_shadow_blur=\u00a0\u00bb50px\u00a0\u00bb box_shadow_spread=\u00a0\u00bb-35px\u00a0\u00bb box_shadow_color=\u00a0\u00bbrgba(0,0,0,0.5)\u00a0\u00bb sticky_enabled=\u00a0\u00bb0&Prime;][\/et_pb_blog][\/et_pb_column][\/et_pb_row][\/et_pb_section][et_pb_section fb_built=\u00a0\u00bb1&Prime; _builder_version=\u00a0\u00bb4.9.7&Prime; _module_preset=\u00a0\u00bbdefault\u00a0\u00bb][et_pb_row column_structure=\u00a0\u00bb1_2,1_2&Prime; _builder_version=\u00a0\u00bb4.9.7&Prime; _module_preset=\u00a0\u00bbdefault\u00a0\u00bb][et_pb_column type=\u00a0\u00bb1_2&Prime; _builder_version=\u00a0\u00bb4.9.7&Prime; _module_preset=\u00a0\u00bbdefault\u00a0\u00bb][et_pb_text _builder_version=\u00a0\u00bb4.9.7&Prime; _module_preset=\u00a0\u00bbdefault\u00a0\u00bb header_font_size=\u00a0\u00bb25px\u00a0\u00bb header_2_font_size=\u00a0\u00bb30px\u00a0\u00bb]<\/p>\n<h2>Certifications<\/h2>\n<p>[\/et_pb_text][\/et_pb_column][et_pb_column type=\u00a0\u00bb1_2&Prime; _builder_version=\u00a0\u00bb4.9.7&Prime; _module_preset=\u00a0\u00bbdefault\u00a0\u00bb][et_pb_image src=\u00a0\u00bbhttps:\/\/blogchicchezvous.com\/wp-content\/uploads\/2021\/06\/logo-fusee.png\u00a0\u00bb title_text=\u00a0\u00bblogo-fusee\u00a0\u00bb _builder_version=\u00a0\u00bb4.9.7&Prime; _module_preset=\u00a0\u00bbdefault\u00a0\u00bb][\/et_pb_image][\/et_pb_column][\/et_pb_row][\/et_pb_section][et_pb_section fb_built=\u00a0\u00bb1&Prime; admin_label=\u00a0\u00bbFooter Section\u00a0\u00bb _builder_version=\u00a0\u00bb3.22&Prime; background_color=\u00a0\u00bb#22262d\u00a0\u00bb background_image=\u00a0\u00bbhttps:\/\/blogchicchezvous.com\/wp-content\/uploads\/2021\/06\/pages-divider.png\u00a0\u00bb background_size=\u00a0\u00bbcontain\u00a0\u00bb background_position=\u00a0\u00bbtop_center\u00a0\u00bb custom_padding=\u00a0\u00bb100px||100px|\u00a0\u00bb][et_pb_row _builder_version=\u00a0\u00bb3.25&Prime; custom_padding=\u00a0\u00bb120px|0px|120px|0px\u00a0\u00bb][et_pb_column type=\u00a0\u00bb4_4&Prime; _builder_version=\u00a0\u00bb3.25&Prime; custom_padding=\u00a0\u00bb|||\u00a0\u00bb custom_padding__hover=\u00a0\u00bb|||\u00a0\u00bb][et_pb_signup mailchimp_list=\u00a0\u00bbSlavaET|03dac884f0&Prime; first_name_field=\u00a0\u00bboff\u00a0\u00bb last_name_field=\u00a0\u00bboff\u00a0\u00bb title=\u00a0\u00bbRestez inform\u00e9(e) des articles \u00e0 para\u00eetre \u00a0\u00bb button_text=\u00a0\u00bbS&rsquo;abonner \u00a0\u00bb description=\u00a0\u00bb<\/p>\n<p>Abonnez-vous au blogue pour augmenter vos connaissances et \u00e9changer \u00e0 propos du vieillissement et de la sant\u00e9 mentale. Profitez de notre expertise en tant qu&rsquo;entreprise sociale en sant\u00e9 mentale dans le secteur du v\u00eatement adapt\u00e9. <\/p>\n<p>\u00a0\u00bb _builder_version=\u00a0\u00bb4.9.7&Prime; header_font=\u00a0\u00bbAbhaya Libre|700|||||||\u00a0\u00bb header_font_size=\u00a0\u00bb42px\u00a0\u00bb header_line_height=\u00a0\u00bb1.6em\u00a0\u00bb body_font=\u00a0\u00bbNunito||||||||\u00a0\u00bb body_font_size=\u00a0\u00bb18px\u00a0\u00bb body_line_height=\u00a0\u00bb1.8em\u00a0\u00bb use_background_color=\u00a0\u00bboff\u00a0\u00bb custom_button=\u00a0\u00bbon\u00a0\u00bb button_text_size=\u00a0\u00bb14px\u00a0\u00bb button_text_color=\u00a0\u00bb#ffffff\u00a0\u00bb button_bg_color=\u00a0\u00bb#94a6bf\u00a0\u00bb button_border_width=\u00a0\u00bb8px\u00a0\u00bb button_border_color=\u00a0\u00bb#94a6bf\u00a0\u00bb button_letter_spacing=\u00a0\u00bb2px\u00a0\u00bb button_font=\u00a0\u00bbNunito|700||on|||||\u00a0\u00bb button_use_icon=\u00a0\u00bboff\u00a0\u00bb custom_padding=\u00a0\u00bb|||\u00a0\u00bb animation_style=\u00a0\u00bbfade\u00a0\u00bb button_text_size__hover_enabled=\u00a0\u00bboff\u00a0\u00bb button_one_text_size__hover_enabled=\u00a0\u00bboff\u00a0\u00bb button_two_text_size__hover_enabled=\u00a0\u00bboff\u00a0\u00bb button_text_color__hover_enabled=\u00a0\u00bboff\u00a0\u00bb button_one_text_color__hover_enabled=\u00a0\u00bboff\u00a0\u00bb button_two_text_color__hover_enabled=\u00a0\u00bboff\u00a0\u00bb button_border_width__hover_enabled=\u00a0\u00bboff\u00a0\u00bb button_one_border_width__hover_enabled=\u00a0\u00bboff\u00a0\u00bb button_two_border_width__hover_enabled=\u00a0\u00bboff\u00a0\u00bb button_border_color__hover_enabled=\u00a0\u00bboff\u00a0\u00bb button_one_border_color__hover_enabled=\u00a0\u00bboff\u00a0\u00bb button_two_border_color__hover_enabled=\u00a0\u00bboff\u00a0\u00bb button_border_radius__hover_enabled=\u00a0\u00bboff\u00a0\u00bb button_one_border_radius__hover_enabled=\u00a0\u00bboff\u00a0\u00bb button_two_border_radius__hover_enabled=\u00a0\u00bboff\u00a0\u00bb button_letter_spacing__hover_enabled=\u00a0\u00bboff\u00a0\u00bb button_one_letter_spacing__hover_enabled=\u00a0\u00bboff\u00a0\u00bb button_two_letter_spacing__hover_enabled=\u00a0\u00bboff\u00a0\u00bb button_bg_color__hover_enabled=\u00a0\u00bboff\u00a0\u00bb button_one_bg_color__hover_enabled=\u00a0\u00bboff\u00a0\u00bb button_two_bg_color__hover_enabled=\u00a0\u00bboff\u00a0\u00bb]Curabitur ultricies blandit nisi ut convallis. Integer in augue feugiat  laoreet risus. Etiam tempus lorem luctus hendrerit.[\/et_pb_signup][\/et_pb_column][\/et_pb_row][\/et_pb_section]<\/p>\n","protected":false},"excerpt":{"rendered":"<p>Le blogue\u00a0CertificationsCurabitur ultricies blandit nisi ut convallis. Integer in augue feugiat laoreet risus. Etiam tempus lorem luctus hendrerit.<\/p>","protected":false},"author":1,"featured_media":0,"parent":0,"menu_order":0,"comment_status":"closed","ping_status":"closed","template":"","meta":{"_et_pb_use_builder":"on","_et_pb_old_content":"","_et_gb_content_width":"","footnotes":""},"class_list":["post-983","page","type-page","status-publish","hentry"],"yoast_head":"<!-- This site is optimized with the Yoast SEO plugin v26.9 - https:\/\/yoast.com\/product\/yoast-seo-wordpress\/ -->\n<title>Articles sur le vieillissement (chutes, proches aidants...) et la sant\u00e9 mentale<\/title>\n<meta name=\"description\" content=\"Articles qui concernent le vieillissement (sant\u00e9 buccodentaire, chutes, proches aidants, activit\u00e9 significative...) et la sant\u00e9 mentale\" \/>\n<meta name=\"robots\" content=\"index, follow, max-snippet:-1, max-image-preview:large, max-video-preview:-1\" \/>\n<link rel=\"canonical\" href=\"https:\/\/blogchicchezvous.com\/en\/articles\/\" \/>\n<meta property=\"og:locale\" content=\"en_US\" \/>\n<meta property=\"og:type\" content=\"article\" \/>\n<meta property=\"og:title\" content=\"Articles sur le vieillissement (chutes, proches aidants...) et la sant\u00e9 mentale\" \/>\n<meta property=\"og:description\" content=\"Articles qui concernent le vieillissement (sant\u00e9 buccodentaire, chutes, proches aidants, activit\u00e9 significative...) et la sant\u00e9 mentale\" \/>\n<meta property=\"og:url\" content=\"https:\/\/blogchicchezvous.com\/en\/articles\/\" \/>\n<meta property=\"og:site_name\" content=\"Blogue Chic chez vous\" \/>\n<meta property=\"article:publisher\" content=\"https:\/\/www.facebook.com\/chicchezvous\" \/>\n<meta property=\"article:modified_time\" content=\"2021-07-12T19:15:58+00:00\" \/>\n<meta name=\"twitter:card\" content=\"summary_large_image\" \/>\n<meta name=\"twitter:label1\" content=\"Est. reading time\" \/>\n\t<meta name=\"twitter:data1\" content=\"1 minute\" \/>\n<script type=\"application\/ld+json\" class=\"yoast-schema-graph\">{\"@context\":\"https:\/\/schema.org\",\"@graph\":[{\"@type\":\"WebPage\",\"@id\":\"https:\/\/blogchicchezvous.com\/articles\/\",\"url\":\"https:\/\/blogchicchezvous.com\/articles\/\",\"name\":\"Articles sur le vieillissement (chutes, proches aidants...) et la sant\u00e9 mentale\",\"isPartOf\":{\"@id\":\"https:\/\/blogchicchezvous.com\/#website\"},\"datePublished\":\"2021-06-30T07:54:02+00:00\",\"dateModified\":\"2021-07-12T19:15:58+00:00\",\"description\":\"Articles qui concernent le vieillissement (sant\u00e9 buccodentaire, chutes, proches aidants, activit\u00e9 significative...) et la sant\u00e9 mentale\",\"breadcrumb\":{\"@id\":\"https:\/\/blogchicchezvous.com\/articles\/#breadcrumb\"},\"inLanguage\":\"en-CA\",\"potentialAction\":[{\"@type\":\"ReadAction\",\"target\":[\"https:\/\/blogchicchezvous.com\/articles\/\"]}]},{\"@type\":\"BreadcrumbList\",\"@id\":\"https:\/\/blogchicchezvous.com\/articles\/#breadcrumb\",\"itemListElement\":[{\"@type\":\"ListItem\",\"position\":1,\"name\":\"Accueil\",\"item\":\"https:\/\/blogchicchezvous.com\/\"},{\"@type\":\"ListItem\",\"position\":2,\"name\":\"Blogue\"}]},{\"@type\":\"WebSite\",\"@id\":\"https:\/\/blogchicchezvous.com\/#website\",\"url\":\"https:\/\/blogchicchezvous.com\/\",\"name\":\"Blogue Chic chez vous\",\"description\":\"On parle de vieillissement et de sant\u00e9 mentale \",\"publisher\":{\"@id\":\"https:\/\/blogchicchezvous.com\/#organization\"},\"potentialAction\":[{\"@type\":\"SearchAction\",\"target\":{\"@type\":\"EntryPoint\",\"urlTemplate\":\"https:\/\/blogchicchezvous.com\/?s={search_term_string}\"},\"query-input\":{\"@type\":\"PropertyValueSpecification\",\"valueRequired\":true,\"valueName\":\"search_term_string\"}}],\"inLanguage\":\"en-CA\"},{\"@type\":\"Organization\",\"@id\":\"https:\/\/blogchicchezvous.com\/#organization\",\"name\":\"Les Boutiques Chic chez vous\",\"url\":\"https:\/\/blogchicchezvous.com\/\",\"logo\":{\"@type\":\"ImageObject\",\"inLanguage\":\"en-CA\",\"@id\":\"https:\/\/blogchicchezvous.com\/#\/schema\/logo\/image\/\",\"url\":\"https:\/\/i1.wp.com\/blogchicchezvous.com\/wp-content\/uploads\/2020\/12\/cropped-cropped-logo-1.png?fit=250%2C250&ssl=1\",\"contentUrl\":\"https:\/\/i1.wp.com\/blogchicchezvous.com\/wp-content\/uploads\/2020\/12\/cropped-cropped-logo-1.png?fit=250%2C250&ssl=1\",\"width\":250,\"height\":250,\"caption\":\"Les Boutiques Chic chez vous\"},\"image\":{\"@id\":\"https:\/\/blogchicchezvous.com\/#\/schema\/logo\/image\/\"},\"sameAs\":[\"https:\/\/www.facebook.com\/chicchezvous\"]}]}<\/script>\n<!-- \/ Yoast SEO plugin. -->","yoast_head_json":{"title":"Articles sur le vieillissement (chutes, proches aidants...) et la sant\u00e9 mentale","description":"Articles qui concernent le vieillissement (sant\u00e9 buccodentaire, chutes, proches aidants, activit\u00e9 significative...) et la sant\u00e9 mentale","robots":{"index":"index","follow":"follow","max-snippet":"max-snippet:-1","max-image-preview":"max-image-preview:large","max-video-preview":"max-video-preview:-1"},"canonical":"https:\/\/blogchicchezvous.com\/en\/articles\/","og_locale":"en_US","og_type":"article","og_title":"Articles sur le vieillissement (chutes, proches aidants...) et la sant\u00e9 mentale","og_description":"Articles qui concernent le vieillissement (sant\u00e9 buccodentaire, chutes, proches aidants, activit\u00e9 significative...) et la sant\u00e9 mentale","og_url":"https:\/\/blogchicchezvous.com\/en\/articles\/","og_site_name":"Blogue Chic chez vous","article_publisher":"https:\/\/www.facebook.com\/chicchezvous","article_modified_time":"2021-07-12T19:15:58+00:00","twitter_card":"summary_large_image","twitter_misc":{"Est. reading time":"1 minute"},"schema":{"@context":"https:\/\/schema.org","@graph":[{"@type":"WebPage","@id":"https:\/\/blogchicchezvous.com\/articles\/","url":"https:\/\/blogchicchezvous.com\/articles\/","name":"Articles sur le vieillissement (chutes, proches aidants...) et la sant\u00e9 mentale","isPartOf":{"@id":"https:\/\/blogchicchezvous.com\/#website"},"datePublished":"2021-06-30T07:54:02+00:00","dateModified":"2021-07-12T19:15:58+00:00","description":"Articles qui concernent le vieillissement (sant\u00e9 buccodentaire, chutes, proches aidants, activit\u00e9 significative...) et la sant\u00e9 mentale","breadcrumb":{"@id":"https:\/\/blogchicchezvous.com\/articles\/#breadcrumb"},"inLanguage":"en-CA","potentialAction":[{"@type":"ReadAction","target":["https:\/\/blogchicchezvous.com\/articles\/"]}]},{"@type":"BreadcrumbList","@id":"https:\/\/blogchicchezvous.com\/articles\/#breadcrumb","itemListElement":[{"@type":"ListItem","position":1,"name":"Accueil","item":"https:\/\/blogchicchezvous.com\/"},{"@type":"ListItem","position":2,"name":"Blogue"}]},{"@type":"WebSite","@id":"https:\/\/blogchicchezvous.com\/#website","url":"https:\/\/blogchicchezvous.com\/","name":"Chic chez vous blog","description":"We talk about aging and mental health","publisher":{"@id":"https:\/\/blogchicchezvous.com\/#organization"},"potentialAction":[{"@type":"SearchAction","target":{"@type":"EntryPoint","urlTemplate":"https:\/\/blogchicchezvous.com\/?s={search_term_string}"},"query-input":{"@type":"PropertyValueSpecification","valueRequired":true,"valueName":"search_term_string"}}],"inLanguage":"en-CA"},{"@type":"Organization","@id":"https:\/\/blogchicchezvous.com\/#organization","name":"Boutiques Chic chez vous","url":"https:\/\/blogchicchezvous.com\/","logo":{"@type":"ImageObject","inLanguage":"en-CA","@id":"https:\/\/blogchicchezvous.com\/#\/schema\/logo\/image\/","url":"https:\/\/i1.wp.com\/blogchicchezvous.com\/wp-content\/uploads\/2020\/12\/cropped-cropped-logo-1.png?fit=250%2C250&ssl=1","contentUrl":"https:\/\/i1.wp.com\/blogchicchezvous.com\/wp-content\/uploads\/2020\/12\/cropped-cropped-logo-1.png?fit=250%2C250&ssl=1","width":250,"height":250,"caption":"Les Boutiques Chic chez vous"},"image":{"@id":"https:\/\/blogchicchezvous.com\/#\/schema\/logo\/image\/"},"sameAs":["https:\/\/www.facebook.com\/chicchezvous"]}]}},"_links":{"self":[{"href":"https:\/\/blogchicchezvous.com\/en\/wp-json\/wp\/v2\/pages\/983","targetHints":{"allow":["GET"]}}],"collection":[{"href":"https:\/\/blogchicchezvous.com\/en\/wp-json\/wp\/v2\/pages"}],"about":[{"href":"https:\/\/blogchicchezvous.com\/en\/wp-json\/wp\/v2\/types\/page"}],"author":[{"embeddable":true,"href":"https:\/\/blogchicchezvous.com\/en\/wp-json\/wp\/v2\/users\/1"}],"replies":[{"embeddable":true,"href":"https:\/\/blogchicchezvous.com\/en\/wp-json\/wp\/v2\/comments?post=983"}],"version-history":[{"count":10,"href":"https:\/\/blogchicchezvous.com\/en\/wp-json\/wp\/v2\/pages\/983\/revisions"}],"predecessor-version":[{"id":1229,"href":"https:\/\/blogchicchezvous.com\/en\/wp-json\/wp\/v2\/pages\/983\/revisions\/1229"}],"wp:attachment":[{"href":"https:\/\/blogchicchezvous.com\/en\/wp-json\/wp\/v2\/media?parent=983"}],"curies":[{"name":"wp","href":"https:\/\/api.w.org\/{rel}","templated":true}]}}